{"id":377,"date":"2013-02-11T08:26:48","date_gmt":"2013-02-11T08:26:48","guid":{"rendered":"http:\/\/www.themes.red-sun-design.com\/lemonchili\/?page_id=377"},"modified":"2021-05-06T12:07:02","modified_gmt":"2021-05-06T09:07:02","slug":"contact","status":"publish","type":"page","link":"https:\/\/www.ravintolamori.fi\/keminmaa\/contact","title":{"rendered":"Yhteystiedot"},"content":{"rendered":"<p style=\"text-align: center;\"><div class=\"one_third\"><\/p>\n<h3 style=\"text-align: center;\">SIJAINTI<\/h3>\n<p style=\"text-align: center;\">Rovaniementie 36, 94400 Keminmaa<\/p>\n<h3 style=\"text-align: center;\">KATSO AJO-OHJE<\/h3>\n<p style=\"text-align: center;\">Katso kartta <a href=\"https:\/\/goo.gl\/maps\/swvxzXsb1Ez\" target=\"_blank\" rel=\"noopener noreferrer\"> Google Maps <\/a><\/p>\n<p style=\"text-align: center;\"><\/div><\/p>\n<p style=\"text-align: center;\"><div class=\"one_third\"><\/p>\n<h3 style=\"text-align: center;\">OTA YHTEYTT\u00c4<\/h3>\n<p style=\"text-align: center;\">044 9777 631<br \/><\/div><\/p>\n<p style=\"text-align: center;\"><div class=\"one_third last\"><\/p>\n<h3 style=\"text-align: center;\">OLEMME AVOINNA<\/h3>\n<p style=\"text-align: center;\"><strong>MA-PE <\/strong>10:00\u201322:00<br \/><strong>LA <\/strong>11:00\u201322:00<br \/><strong>SU <\/strong>11:00\u201321:00<br \/><\/div>\r\n        <div class=\"clearboth\"><\/div><\/p>\n<p style=\"text-align: center;\"><strong>Ravintola Mori l\u00f6ytyy my\u00f6s Kemist\u00e4.<\/strong><br \/>[ <a href=\"http:\/\/www.ravintolamori.fi\/kemi\/\">Siirry sivuille t\u00e4st\u00e4<\/a> ]<\/p>\n\n\n<p><\/p>\n","protected":false},"excerpt":{"rendered":"<p>Ravintola Mori l\u00f6ytyy my\u00f6s Kemist\u00e4.[ Siirry sivuille t\u00e4st\u00e4 ]<\/p>\n","protected":false},"author":1,"featured_media":0,"parent":0,"menu_order":0,"comment_status":"open","ping_status":"open","template":"","meta":{"footnotes":""},"class_list":["post-377","page","type-page","status-publish","hentry"],"_links":{"self":[{"href":"https:\/\/www.ravintolamori.fi\/keminmaa\/wp-json\/wp\/v2\/pages\/377","targetHints":{"allow":["GET"]}}],"collection":[{"href":"https:\/\/www.ravintolamori.fi\/keminmaa\/wp-json\/wp\/v2\/pages"}],"about":[{"href":"https:\/\/www.ravintolamori.fi\/keminmaa\/wp-json\/wp\/v2\/types\/page"}],"author":[{"embeddable":true,"href":"https:\/\/www.ravintolamori.fi\/keminmaa\/wp-json\/wp\/v2\/users\/1"}],"replies":[{"embeddable":true,"href":"https:\/\/www.ravintolamori.fi\/keminmaa\/wp-json\/wp\/v2\/comments?post=377"}],"version-history":[{"count":16,"href":"https:\/\/www.ravintolamori.fi\/keminmaa\/wp-json\/wp\/v2\/pages\/377\/revisions"}],"predecessor-version":[{"id":2978,"href":"https:\/\/www.ravintolamori.fi\/keminmaa\/wp-json\/wp\/v2\/pages\/377\/revisions\/2978"}],"wp:attachment":[{"href":"https:\/\/www.ravintolamori.fi\/keminmaa\/wp-json\/wp\/v2\/media?parent=377"}],"curies":[{"name":"wp","href":"https:\/\/api.w.org\/{rel}","templated":true}]}}