{"id":2973,"date":"2021-05-10T11:18:36","date_gmt":"2021-05-10T08:18:36","guid":{"rendered":"https:\/\/www.ravintolamori.fi\/kemi\/?page_id=2973"},"modified":"2022-09-16T12:34:43","modified_gmt":"2022-09-16T09:34:43","slug":"ravintola-mori-kemi-sovellus","status":"publish","type":"page","link":"https:\/\/www.ravintolamori.fi\/kemi\/ravintola-mori-kemi-sovellus","title":{"rendered":"Ravintola Mori Kemi -sovellus"},"content":{"rendered":"\r\n<h2 class=\"wp-block-heading\">Tilaa helposti mobiilisovelluksella Ravintola Mori Kemist\u00e4<\/h2>\r\n\r\n\r\n\r\n<p>Lataa Ravintola Mori Kemi -applikaatio &amp; Tilaa ja nauti jo t\u00e4n\u00e4\u00e4n!<br \/>Voit ladata sovelluksen ilmaiseksi Google Play Kaupasta.<\/p>\r\n\r\n\r\n\r\n<figure class=\"wp-block-image size-large\"><img loading=\"lazy\" decoding=\"async\" class=\"aligncenter wp-image-3020 size-full\" src=\"https:\/\/www.ravintolamori.fi\/kemi\/wp-content\/uploads\/mori-sovellus-kemi-2022.jpg\" alt=\"\" width=\"1200\" height=\"1200\" srcset=\"https:\/\/www.ravintolamori.fi\/kemi\/wp-content\/uploads\/mori-sovellus-kemi-2022.jpg 1200w, https:\/\/www.ravintolamori.fi\/kemi\/wp-content\/uploads\/mori-sovellus-kemi-2022-300x300.jpg 300w, https:\/\/www.ravintolamori.fi\/kemi\/wp-content\/uploads\/mori-sovellus-kemi-2022-1024x1024.jpg 1024w, https:\/\/www.ravintolamori.fi\/kemi\/wp-content\/uploads\/mori-sovellus-kemi-2022-150x150.jpg 150w, https:\/\/www.ravintolamori.fi\/kemi\/wp-content\/uploads\/mori-sovellus-kemi-2022-768x768.jpg 768w, https:\/\/www.ravintolamori.fi\/kemi\/wp-content\/uploads\/mori-sovellus-kemi-2022-140x140.jpg 140w, https:\/\/www.ravintolamori.fi\/kemi\/wp-content\/uploads\/mori-sovellus-kemi-2022-260x260.jpg 260w, https:\/\/www.ravintolamori.fi\/kemi\/wp-content\/uploads\/mori-sovellus-kemi-2022-380x380.jpg 380w\" sizes=\"auto, (max-width: 1200px) 100vw, 1200px\" \/>\r\n<figcaption>Ravintola Mori Kemi -sovellus<\/figcaption>\r\n<\/figure>\r\n","protected":false},"excerpt":{"rendered":"<p>Tilaa helposti mobiilisovelluksella Ravintola Mori Kemist\u00e4 Lataa Ravintola Mori Kemi -applikaatio &amp; Tilaa ja nauti jo t\u00e4n\u00e4\u00e4n!Voit ladata sovelluksen ilmaiseksi Google Play Kaupasta.<\/p>\n","protected":false},"author":1,"featured_media":0,"parent":0,"menu_order":0,"comment_status":"closed","ping_status":"closed","template":"","meta":{"footnotes":""},"class_list":["post-2973","page","type-page","status-publish","hentry"],"_links":{"self":[{"href":"https:\/\/www.ravintolamori.fi\/kemi\/wp-json\/wp\/v2\/pages\/2973","targetHints":{"allow":["GET"]}}],"collection":[{"href":"https:\/\/www.ravintolamori.fi\/kemi\/wp-json\/wp\/v2\/pages"}],"about":[{"href":"https:\/\/www.ravintolamori.fi\/kemi\/wp-json\/wp\/v2\/types\/page"}],"author":[{"embeddable":true,"href":"https:\/\/www.ravintolamori.fi\/kemi\/wp-json\/wp\/v2\/users\/1"}],"replies":[{"embeddable":true,"href":"https:\/\/www.ravintolamori.fi\/kemi\/wp-json\/wp\/v2\/comments?post=2973"}],"version-history":[{"count":4,"href":"https:\/\/www.ravintolamori.fi\/kemi\/wp-json\/wp\/v2\/pages\/2973\/revisions"}],"predecessor-version":[{"id":3023,"href":"https:\/\/www.ravintolamori.fi\/kemi\/wp-json\/wp\/v2\/pages\/2973\/revisions\/3023"}],"wp:attachment":[{"href":"https:\/\/www.ravintolamori.fi\/kemi\/wp-json\/wp\/v2\/media?parent=2973"}],"curies":[{"name":"wp","href":"https:\/\/api.w.org\/{rel}","templated":true}]}}