{"id":2584,"date":"2016-09-19T14:26:36","date_gmt":"2016-09-19T11:26:36","guid":{"rendered":"http:\/\/www.ravintolamori.fi\/?page_id=2584"},"modified":"2024-01-10T08:19:34","modified_gmt":"2024-01-10T06:19:34","slug":"burgerit","status":"publish","type":"page","link":"https:\/\/www.ravintolamori.fi\/kemi\/burgerit","title":{"rendered":"Burgerit"},"content":{"rendered":"<h3>Kaikkiin burger annoksiin sis\u00e4ltyy:<\/h3>\n<p>J\u00e4\u00e4vuorisalaattia, tomaattia, kurkkua, majoneesia, ranskalaiset ja yksi dippi.<\/p>\n","protected":false},"excerpt":{"rendered":"<p>Kaikkiin burger annoksiin sis\u00e4ltyy: J\u00e4\u00e4vuorisalaattia, tomaattia, kurkkua, majoneesia, ranskalaiset ja yksi dippi.<\/p>\n","protected":false},"author":1,"featured_media":0,"parent":0,"menu_order":0,"comment_status":"closed","ping_status":"closed","template":"template-menu1.php","meta":{"footnotes":""},"class_list":["post-2584","page","type-page","status-publish","hentry"],"_links":{"self":[{"href":"https:\/\/www.ravintolamori.fi\/kemi\/wp-json\/wp\/v2\/pages\/2584","targetHints":{"allow":["GET"]}}],"collection":[{"href":"https:\/\/www.ravintolamori.fi\/kemi\/wp-json\/wp\/v2\/pages"}],"about":[{"href":"https:\/\/www.ravintolamori.fi\/kemi\/wp-json\/wp\/v2\/types\/page"}],"author":[{"embeddable":true,"href":"https:\/\/www.ravintolamori.fi\/kemi\/wp-json\/wp\/v2\/users\/1"}],"replies":[{"embeddable":true,"href":"https:\/\/www.ravintolamori.fi\/kemi\/wp-json\/wp\/v2\/comments?post=2584"}],"version-history":[{"count":4,"href":"https:\/\/www.ravintolamori.fi\/kemi\/wp-json\/wp\/v2\/pages\/2584\/revisions"}],"predecessor-version":[{"id":3116,"href":"https:\/\/www.ravintolamori.fi\/kemi\/wp-json\/wp\/v2\/pages\/2584\/revisions\/3116"}],"wp:attachment":[{"href":"https:\/\/www.ravintolamori.fi\/kemi\/wp-json\/wp\/v2\/media?parent=2584"}],"curies":[{"name":"wp","href":"https:\/\/api.w.org\/{rel}","templated":true}]}}